{"id":1921,"date":"2021-04-19T20:08:14","date_gmt":"2021-04-19T20:08:14","guid":{"rendered":"https:\/\/smartfridgeeco.minibarsystems.com\/ueber-uns\/"},"modified":"2021-04-19T20:08:21","modified_gmt":"2021-04-19T20:08:21","slug":"ueber-uns","status":"publish","type":"page","link":"https:\/\/smartfridgeeco.minibarsystems.com\/de\/ueber-uns\/","title":{"rendered":"\u00dcber uns"},"content":{"rendered":"<p>[et_pb_section fb_built=&#8220;1&#8243; module_class=&#8220;dtb-mobile-parallax&#8220; _builder_version=&#8220;4.4.8&#8243; background_color=&#8220;#00652e&#8220; background_image=&#8220;https:\/\/smartfridgeeco.minibarsystems.com\/wp-content\/uploads\/2020\/07\/background-leaves-gr3.jpg&#8220; parallax=&#8220;on&#8220; parallax_method=&#8220;off&#8220; custom_padding=&#8220;50px||20px||false|false&#8220; box_shadow_style=&#8220;preset3&#8243;][et_pb_row _builder_version=&#8220;4.4.8&#8243; custom_padding=&#8220;27px|||||&#8220;][et_pb_column type=&#8220;4_4&#8243; _builder_version=&#8220;4.4.8&#8243;][et_pb_text _builder_version=&#8220;4.4.8&#8243; header_font=&#8220;|600|||||||&#8220; header_text_align=&#8220;center&#8220; header_text_color=&#8220;#ffffff&#8220; header_font_size=&#8220;45px&#8220; header_2_text_align=&#8220;center&#8220; header_2_text_color=&#8220;#ffffff&#8220; custom_margin=&#8220;1px||19px|||&#8220; custom_padding=&#8220;0px|||||&#8220; header_font_size_tablet=&#8220;40px&#8220; header_font_size_phone=&#8220;35px&#8220; header_font_size_last_edited=&#8220;on|phone&#8220; header_2_font_size_tablet=&#8220;32px&#8220; header_2_font_size_phone=&#8220;30px&#8220; header_2_font_size_last_edited=&#8220;on|tablet&#8220;]<\/p>\n<h1>\u00dcber &#8211; MINIBAR SYSTEMS<\/h1>\n<p>[\/et_pb_text][\/et_pb_column][\/et_pb_row][\/et_pb_section][et_pb_section fb_built=&#8220;1&#8243; _builder_version=&#8220;4.4.8&#8243; background_image=&#8220;https:\/\/smartfridgeeco.minibarsystems.com\/wp-content\/uploads\/2020\/06\/leaf-pattern-background2.jpg&#8220; custom_css_main_element=&#8220;background-repeat: no-repeat;||background-attachment: fixed;||background-position: center right;||background-size: cover;&#8220;][et_pb_row _builder_version=&#8220;4.4.8&#8243; background_color=&#8220;#ffffff&#8220; custom_padding=&#8220;40px|20px|20px|20px|false|false&#8220; box_shadow_style=&#8220;preset3&#8243;][et_pb_column type=&#8220;4_4&#8243; _builder_version=&#8220;4.4.8&#8243;][et_pb_text _builder_version=&#8220;4.4.8&#8243; max_width=&#8220;800px&#8220; module_alignment=&#8220;center&#8220; hover_enabled=&#8220;0&#8243;]<strong>Minibar-Systeme weltweit<\/strong> ist ein in Rockville, Maryland, ans\u00e4ssiges Unternehmen mit \u00fcber 50 Jahren Erfahrung in der Bereitstellung von In-Room-Annehmlichkeiten f\u00fcr die globale Hotellerie. Unsere Produktlinien umfassen vollautomatisierte Minibars<strong> (SmartCube)<\/strong> , Manuelle Minibars<strong> (Primo)<\/strong> , G\u00e4stezimmer Safes<strong> (SmartBox)<\/strong> , K\u00fchlschr\u00e4nke<strong> (SmartFridge)<\/strong> , Desinfektionsmittel und Desinfektionsmittel<strong> (SmartHands)<\/strong> und eine breite Palette von Support-Dienstleistungen.[\/et_pb_text][\/et_pb_column][\/et_pb_row][et_pb_row column_structure=&#8220;1_5,1_5,1_5,1_5,1_5&#8243; use_custom_gutter=&#8220;on&#8220; gutter_width=&#8220;2&#8243; _builder_version=&#8220;4.4.8&#8243; background_color=&#8220;#ffffff&#8220; custom_padding=&#8220;20px|20px|20px|20px|false|false&#8220; box_shadow_style=&#8220;preset3&#8243;][et_pb_column type=&#8220;1_5&#8243; _builder_version=&#8220;4.4.8&#8243;][et_pb_image src=&#8220;https:\/\/smartfridgeeco.minibarsystems.com\/wp-content\/uploads\/2020\/06\/About-Product-SmartCube.png&#8220; title_text=&#8220;\u00dcber-Produkt-SmartCube&#8220; _builder_version=&#8220;4.4.8&#8243; custom_margin=&#8220;||10px||false|false&#8220;][\/et_pb_image][et_pb_text _builder_version=&#8220;4.4.8&#8243; header_3_font=&#8220;|600|||||||&#8220; header_3_text_align=&#8220;center&#8220; header_3_font_size=&#8220;18px&#8220;]<\/p>\n<h3><em>SmartCube<\/em><\/h3>\n<p>[\/et_pb_text][\/et_pb_column][et_pb_column type=&#8220;1_5&#8243; _builder_version=&#8220;4.4.8&#8243;][et_pb_image src=&#8220;https:\/\/smartfridgeeco.minibarsystems.com\/wp-content\/uploads\/2020\/06\/About-Product-Primo.png&#8220; title_text=&#8220;\u00dcber-Produkt-Primo&#8220; _builder_version=&#8220;4.4.8&#8243; custom_margin=&#8220;||10px||false|false&#8220;][\/et_pb_image][et_pb_text _builder_version=&#8220;4.4.8&#8243; header_3_font=&#8220;|600|||||||&#8220; header_3_text_align=&#8220;center&#8220; header_3_font_size=&#8220;18px&#8220;]<\/p>\n<h3><em>Primo<\/em><\/h3>\n<p>[\/et_pb_text][\/et_pb_column][et_pb_column type=&#8220;1_5&#8243; _builder_version=&#8220;4.4.8&#8243;][et_pb_image src=&#8220;https:\/\/smartfridgeeco.minibarsystems.com\/wp-content\/uploads\/2020\/06\/About-Product-SmartBox.png&#8220; title_text=&#8220;\u00dcber-Produkt-SmartBox&#8220; _builder_version=&#8220;4.4.8&#8243; custom_margin=&#8220;||10px||false|false&#8220;][\/et_pb_image][et_pb_text _builder_version=&#8220;4.4.8&#8243; header_3_font=&#8220;|600|||||||&#8220; header_3_text_align=&#8220;center&#8220; header_3_font_size=&#8220;18px&#8220;]<\/p>\n<h3><em>SmartBox<\/em><\/h3>\n<p>[\/et_pb_text][\/et_pb_column][et_pb_column type=&#8220;1_5&#8243; _builder_version=&#8220;4.4.8&#8243;][et_pb_image src=&#8220;https:\/\/smartfridgeeco.minibarsystems.com\/wp-content\/uploads\/2020\/06\/About-Product-SmartFridgeECO.png&#8220; title_text=&#8220;\u00dcber-Produkt-SmartFridgeECO&#8220; _builder_version=&#8220;4.4.8&#8243; custom_margin=&#8220;||10px||false|false&#8220;][\/et_pb_image][et_pb_text _builder_version=&#8220;4.4.8&#8243; header_3_font=&#8220;|600|||||||&#8220; header_3_text_align=&#8220;center&#8220; header_3_font_size=&#8220;18px&#8220;]<\/p>\n<h3><em>SmartFridgeECO<sup style=\"font-size: .5em\"> TM<\/sup><\/em><\/h3>\n<p>[\/et_pb_text][\/et_pb_column][et_pb_column type=&#8220;1_5&#8243; _builder_version=&#8220;4.4.8&#8243;][et_pb_image src=&#8220;https:\/\/smartfridgeeco.minibarsystems.com\/wp-content\/uploads\/2020\/06\/About-Product-SmartHands.png&#8220; title_text=&#8220;\u00dcber-Produkt-SmartHands&#8220; _builder_version=&#8220;4.4.8&#8243; custom_margin=&#8220;||10px||false|false&#8220;][\/et_pb_image][et_pb_text _builder_version=&#8220;4.4.8&#8243; header_3_font=&#8220;|600|||||||&#8220; header_3_text_align=&#8220;center&#8220; header_3_font_size=&#8220;18px&#8220;]<\/p>\n<h3><em>SmartHands<sup style=\"font-size: .5em\"> TM<\/sup><\/em><\/h3>\n<p>[\/et_pb_text][\/et_pb_column][\/et_pb_row][et_pb_row column_structure=&#8220;1_3,1_3,1_3&#8243; use_custom_gutter=&#8220;on&#8220; gutter_width=&#8220;2&#8243; make_equal=&#8220;on&#8220; _builder_version=&#8220;4.4.8&#8243; custom_padding=&#8220;40px|||||&#8220;][et_pb_column type=&#8220;1_3&#8243; _builder_version=&#8220;4.4.8&#8243; custom_css_main_element=&#8220;margin-top:auto;||margin-bottom:auto;&#8220;][et_pb_image src=&#8220;https:\/\/smartfridgeeco.minibarsystems.com\/wp-content\/uploads\/2020\/06\/SmartFridge_Eco_Logo_Black_Green_Leaf_TM.png&#8220; title_text=&#8220;SmartFridge_Eco_Logo_Black_Green_Leaf_TM&#8220; url=&#8220;https:\/\/smartfridgeeco.minibarsystems.com\/?lang=de&#8220; align=&#8220;center&#8220; _builder_version=&#8220;4.4.8&#8243; max_height=&#8220;50px&#8220;][\/et_pb_image][\/et_pb_column][et_pb_column type=&#8220;1_3&#8243; _builder_version=&#8220;4.4.8&#8243;][et_pb_image src=&#8220;https:\/\/smartfridgeeco.minibarsystems.com\/wp-content\/uploads\/2020\/06\/Minibar-Systems_Logo.png&#8220; title_text=&#8220;Minibar-Systems_Logo&#8220; url=&#8220;http:\/\/www.minibar.ch\/default.cfm&#8220; url_new_window=&#8220;on&#8220; align=&#8220;center&#8220; _builder_version=&#8220;4.4.8&#8243; max_height=&#8220;120px&#8220;][\/et_pb_image][\/et_pb_column][et_pb_column type=&#8220;1_3&#8243; _builder_version=&#8220;4.4.8&#8243;][et_pb_image src=&#8220;https:\/\/smartfridgeeco.minibarsystems.com\/wp-content\/uploads\/2020\/06\/SmartHands-logo.png&#8220; title_text=&#8220;SmartHands-Logo&#8220; url=&#8220;https:\/\/smarthands.minibarsystems.com\/&#8220; url_new_window=&#8220;on&#8220; align=&#8220;center&#8220; _builder_version=&#8220;4.4.8&#8243; max_height=&#8220;120px&#8220;][\/et_pb_image][\/et_pb_column][\/et_pb_row][\/et_pb_section]<\/p>\n","protected":false},"excerpt":{"rendered":"<p>\u00dcber &#8211; MINIBAR SYSTEMSMinibar-Systeme weltweit ist ein in Rockville, Maryland, ans\u00e4ssiges Unternehmen mit \u00fcber 50 Jahren Erfahrung in der Bereitstellung von In-Room-Annehmlichkeiten f\u00fcr die globale Hotellerie. Unsere Produktlinien umfassen vollautomatisierte Minibars (SmartCube) , Manuelle Minibars (Primo) , G\u00e4stezimmer Safes (SmartBox) , K\u00fchlschr\u00e4nke (SmartFridge) , Desinfektionsmittel und Desinfektionsmittel (SmartHands) und eine breite Palette von Support-Dienstleistungen.SmartCubePrimoSmartBoxSmartFridgeECO TMSmartHands [&hellip;]<\/p>\n","protected":false},"author":1,"featured_media":0,"parent":0,"menu_order":0,"comment_status":"closed","ping_status":"closed","template":"","meta":{"_et_pb_use_builder":"on","_et_pb_old_content":"","_et_gb_content_width":"","footnotes":""},"class_list":["post-1921","page","type-page","status-publish","hentry"],"_links":{"self":[{"href":"https:\/\/smartfridgeeco.minibarsystems.com\/de\/wp-json\/wp\/v2\/pages\/1921","targetHints":{"allow":["GET"]}}],"collection":[{"href":"https:\/\/smartfridgeeco.minibarsystems.com\/de\/wp-json\/wp\/v2\/pages"}],"about":[{"href":"https:\/\/smartfridgeeco.minibarsystems.com\/de\/wp-json\/wp\/v2\/types\/page"}],"author":[{"embeddable":true,"href":"https:\/\/smartfridgeeco.minibarsystems.com\/de\/wp-json\/wp\/v2\/users\/1"}],"replies":[{"embeddable":true,"href":"https:\/\/smartfridgeeco.minibarsystems.com\/de\/wp-json\/wp\/v2\/comments?post=1921"}],"version-history":[{"count":4,"href":"https:\/\/smartfridgeeco.minibarsystems.com\/de\/wp-json\/wp\/v2\/pages\/1921\/revisions"}],"predecessor-version":[{"id":1926,"href":"https:\/\/smartfridgeeco.minibarsystems.com\/de\/wp-json\/wp\/v2\/pages\/1921\/revisions\/1926"}],"wp:attachment":[{"href":"https:\/\/smartfridgeeco.minibarsystems.com\/de\/wp-json\/wp\/v2\/media?parent=1921"}],"curies":[{"name":"wp","href":"https:\/\/api.w.org\/{rel}","templated":true}]}}