{"id":1985,"date":"2021-04-19T20:11:10","date_gmt":"2021-04-19T20:11:10","guid":{"rendered":"https:\/\/smartfridgeeco.minibarsystems.com\/softwarespezifikationen\/"},"modified":"2021-04-19T20:11:18","modified_gmt":"2021-04-19T20:11:18","slug":"softwarespezifikationen","status":"publish","type":"page","link":"https:\/\/smartfridgeeco.minibarsystems.com\/de\/softwarespezifikationen\/","title":{"rendered":"Softwarespezifikationen"},"content":{"rendered":"<p>[et_pb_section fb_built=&#8220;1&#8243; _builder_version=&#8220;4.4.8&#8243; background_color=&#8220;#00652e&#8220; background_image=&#8220;https:\/\/smartfridgeeco.minibarsystems.com\/wp-content\/uploads\/2020\/07\/background-leaves-gr3.jpg&#8220; custom_padding=&#8220;50px||20px||false|false&#8220; hover_enabled=&#8220;0&#8243; box_shadow_style=&#8220;preset3&#8243; title_text=&#8220;background-leaves-gr3&#8243; parallax=&#8220;on&#8220; parallax_method=&#8220;off&#8220;][et_pb_row _builder_version=&#8220;4.4.8&#8243; custom_padding=&#8220;27px|||||&#8220;][et_pb_column type=&#8220;4_4&#8243; _builder_version=&#8220;4.4.8&#8243;][et_pb_text _builder_version=&#8220;4.4.8&#8243; header_font=&#8220;|600|||||||&#8220; header_text_align=&#8220;center&#8220; header_text_color=&#8220;#ffffff&#8220; header_font_size=&#8220;45px&#8220; header_2_text_align=&#8220;center&#8220; header_2_text_color=&#8220;#ffffff&#8220; custom_margin=&#8220;1px||19px|||&#8220; custom_padding=&#8220;0px|||||&#8220; header_font_size_tablet=&#8220;40px&#8220; header_font_size_phone=&#8220;35px&#8220; header_font_size_last_edited=&#8220;on|phone&#8220; header_2_font_size_tablet=&#8220;32px&#8220; header_2_font_size_phone=&#8220;30px&#8220; header_2_font_size_last_edited=&#8220;on|tablet&#8220;]<\/p>\n<h1>Software &amp; Spezifikationen<\/h1>\n<p>[\/et_pb_text][\/et_pb_column][\/et_pb_row][\/et_pb_section][et_pb_section fb_built=&#8220;1&#8243; custom_padding_last_edited=&#8220;on|phone&#8220; _builder_version=&#8220;4.4.8&#8243; background_color=&#8220;#ffffff&#8220; background_image=&#8220;https:\/\/smartfridgeeco.minibarsystems.com\/wp-content\/uploads\/2020\/06\/leaf-pattern-background2.jpg&#8220; custom_margin=&#8220;||-10px||false|false&#8220; custom_padding=&#8220;50px||50px||false|false&#8220; custom_padding_tablet=&#8220;&#8220; custom_padding_phone=&#8220;30px||0px||false|false&#8220; custom_css_main_element=&#8220;background-repeat: no-repeat;||background-attachment: fixed;||background-position: center right;||background-size: cover;&#8220;][et_pb_row column_structure=&#8220;1_2,1_2&#8243; use_custom_gutter=&#8220;on&#8220; gutter_width=&#8220;2&#8243; make_equal=&#8220;on&#8220; _builder_version=&#8220;4.4.8&#8243;][et_pb_column type=&#8220;1_2&#8243; _builder_version=&#8220;4.4.8&#8243; background_color=&#8220;#ffffff&#8220; custom_padding=&#8220;20px|20px|20px|20px|false|false&#8220; border_width_all=&#8220;1px&#8220; border_color_all=&#8220;#cccccc&#8220; box_shadow_style=&#8220;preset3&#8243; box_shadow_color=&#8220;rgba(0,0,0,0.15)&#8220;][et_pb_text _builder_version=&#8220;4.4.8&#8243; header_2_text_align=&#8220;center&#8220; custom_padding=&#8220;||0px|||&#8220;]<\/p>\n<h2><strong>Software<\/strong><\/h2>\n<p>[\/et_pb_text][et_pb_blurb title=&#8220;Einfach zu bedienende Netzwerksoftware&#8220; image=&#8220;https:\/\/smartfridgeeco.minibarsystems.com\/wp-content\/uploads\/2020\/06\/icon-leaf-01.png&#8220; icon_placement=&#8220;left&#8220; _builder_version=&#8220;4.4.8&#8243; custom_css_blurb_image=&#8220;width:40px;&#8220;][\/et_pb_blurb][et_pb_blurb title=&#8220;Online-Dashboard in Echtzeit &#8220; image=&#8220;https:\/\/smartfridgeeco.minibarsystems.com\/wp-content\/uploads\/2020\/06\/icon-leaf-01.png&#8220; icon_placement=&#8220;left&#8220; _builder_version=&#8220;4.4.8&#8243; custom_css_blurb_image=&#8220;width:40px;&#8220;][\/et_pb_blurb][et_pb_blurb title=&#8220;Reinigungsbericht, in dem die zu sanierenden R\u00e4ume und die ge\u00f6ffneten T\u00fcren aufgef\u00fchrt sind&#8220; image=&#8220;https:\/\/smartfridgeeco.minibarsystems.com\/wp-content\/uploads\/2020\/06\/icon-leaf-01.png&#8220; icon_placement=&#8220;left&#8220; _builder_version=&#8220;4.4.8&#8243; custom_css_blurb_image=&#8220;width:40px;&#8220;][\/et_pb_blurb][et_pb_blurb title=&#8220;Wartungsbericht mit detaillierten Angaben zu Offline-K\u00fchlschr\u00e4nken&#8220; image=&#8220;https:\/\/smartfridgeeco.minibarsystems.com\/wp-content\/uploads\/2020\/06\/icon-leaf-01.png&#8220; icon_placement=&#8220;left&#8220; _builder_version=&#8220;4.4.8&#8243; custom_css_blurb_image=&#8220;width:40px;&#8220;][\/et_pb_blurb][et_pb_blurb title=&#8220;Online-Dashboard in Echtzeit &#8220; image=&#8220;https:\/\/smartfridgeeco.minibarsystems.com\/wp-content\/uploads\/2020\/06\/icon-leaf-01.png&#8220; icon_placement=&#8220;left&#8220; _builder_version=&#8220;4.4.8&#8243; custom_css_blurb_image=&#8220;width:40px;&#8220;][\/et_pb_blurb][et_pb_blurb title=&#8220;Historische Energieeinsparungen zur Analyse&#8220; image=&#8220;https:\/\/smartfridgeeco.minibarsystems.com\/wp-content\/uploads\/2020\/06\/icon-leaf-01.png&#8220; icon_placement=&#8220;left&#8220; _builder_version=&#8220;4.4.8&#8243; custom_css_blurb_image=&#8220;width:40px;&#8220;][\/et_pb_blurb][et_pb_blurb title=&#8220;Energieverbrauchsszenarien&#8220; image=&#8220;https:\/\/smartfridgeeco.minibarsystems.com\/wp-content\/uploads\/2020\/06\/icon-leaf-01.png&#8220; icon_placement=&#8220;left&#8220; _builder_version=&#8220;4.4.8&#8243; custom_css_blurb_image=&#8220;width:40px;&#8220;][\/et_pb_blurb][et_pb_text _builder_version=&#8220;4.4.8&#8243; text_font_size=&#8220;9px&#8220; text_line_height=&#8220;1.4em&#8220; header_2_text_align=&#8220;center&#8220; custom_padding=&#8220;40px||0px||false|false&#8220;]* Bei Glast\u00fcren sind keine T\u00fcrst\u00e4nder verf\u00fcgbar<br \/>\n** Durchschnittlicher Energieverbrauch pro gebrauchtem K\u00fchlschrank pro 24 Stunden bei 25 \u00b0 C Umgebungstemperatur und 7 \u00b0 C K\u00fchltemperatur gem\u00e4\u00df EN ISO 7371.[\/et_pb_text][\/et_pb_column][et_pb_column type=&#8220;1_2&#8243; _builder_version=&#8220;4.4.8&#8243; background_color=&#8220;#ffffff&#8220; custom_padding=&#8220;20px|20px|20px|20px|false|false&#8220; border_width_all=&#8220;1px&#8220; border_color_all=&#8220;#cccccc&#8220; box_shadow_style=&#8220;preset3&#8243; box_shadow_color=&#8220;rgba(0,0,0,0.15)&#8220;][et_pb_text _builder_version=&#8220;4.4.8&#8243; header_2_text_align=&#8220;center&#8220; custom_padding=&#8220;||0px|||&#8220;]<\/p>\n<h2><strong>Spezifikationen<\/strong><\/h2>\n<p>[\/et_pb_text][et_pb_image src=&#8220;https:\/\/smartfridgeeco.minibarsystems.com\/wp-content\/uploads\/2020\/06\/Screen-Shot-2020-06-26-at-12.38.40-AM.png&#8220; title_text=&#8220;Screenshot 2020-06-26 um 12.38.40 Uhr&#8220; _builder_version=&#8220;4.4.8&#8243;][\/et_pb_image][\/et_pb_column][\/et_pb_row][\/et_pb_section]<\/p>\n","protected":false},"excerpt":{"rendered":"<p>Software &amp; SpezifikationenSoftware* Bei Glast\u00fcren sind keine T\u00fcrst\u00e4nder verf\u00fcgbar ** Durchschnittlicher Energieverbrauch pro gebrauchtem K\u00fchlschrank pro 24 Stunden bei 25 \u00b0 C Umgebungstemperatur und 7 \u00b0 C K\u00fchltemperatur gem\u00e4\u00df EN ISO 7371.Spezifikationen<\/p>\n","protected":false},"author":1,"featured_media":0,"parent":0,"menu_order":0,"comment_status":"closed","ping_status":"closed","template":"","meta":{"_et_pb_use_builder":"on","_et_pb_old_content":"","_et_gb_content_width":"","footnotes":""},"class_list":["post-1985","page","type-page","status-publish","hentry"],"_links":{"self":[{"href":"https:\/\/smartfridgeeco.minibarsystems.com\/de\/wp-json\/wp\/v2\/pages\/1985","targetHints":{"allow":["GET"]}}],"collection":[{"href":"https:\/\/smartfridgeeco.minibarsystems.com\/de\/wp-json\/wp\/v2\/pages"}],"about":[{"href":"https:\/\/smartfridgeeco.minibarsystems.com\/de\/wp-json\/wp\/v2\/types\/page"}],"author":[{"embeddable":true,"href":"https:\/\/smartfridgeeco.minibarsystems.com\/de\/wp-json\/wp\/v2\/users\/1"}],"replies":[{"embeddable":true,"href":"https:\/\/smartfridgeeco.minibarsystems.com\/de\/wp-json\/wp\/v2\/comments?post=1985"}],"version-history":[{"count":2,"href":"https:\/\/smartfridgeeco.minibarsystems.com\/de\/wp-json\/wp\/v2\/pages\/1985\/revisions"}],"predecessor-version":[{"id":1995,"href":"https:\/\/smartfridgeeco.minibarsystems.com\/de\/wp-json\/wp\/v2\/pages\/1985\/revisions\/1995"}],"wp:attachment":[{"href":"https:\/\/smartfridgeeco.minibarsystems.com\/de\/wp-json\/wp\/v2\/media?parent=1985"}],"curies":[{"name":"wp","href":"https:\/\/api.w.org\/{rel}","templated":true}]}}