{"id":1932,"date":"2021-04-19T20:08:25","date_gmt":"2021-04-19T20:08:25","guid":{"rendered":"https:\/\/smartfridgeeco.minibarsystems.com\/caracteristicas\/"},"modified":"2021-04-19T20:08:29","modified_gmt":"2021-04-19T20:08:29","slug":"caracteristicas","status":"publish","type":"page","link":"https:\/\/smartfridgeeco.minibarsystems.com\/es\/caracteristicas\/","title":{"rendered":"Caracter\u00edsticas"},"content":{"rendered":"<p>[et_pb_section fb_built=\u00bb1&#8243; _builder_version=\u00bb4.4.8&#8243; background_color=\u00bb#00652e\u00bb background_image=\u00bbhttps:\/\/smartfridgeeco.minibarsystems.com\/wp-content\/uploads\/2020\/07\/background-leaves-gr3.jpg\u00bb parallax=\u00bbon\u00bb parallax_method=\u00bboff\u00bb custom_padding=\u00bb50px||20px||false|false\u00bb box_shadow_style=\u00bbpreset3&#8243;][et_pb_row _builder_version=\u00bb4.4.8&#8243; custom_padding=\u00bb27px|||||\u00bb][et_pb_column type=\u00bb4_4&#8243; _builder_version=\u00bb4.4.8&#8243;][et_pb_text _builder_version=\u00bb4.4.8&#8243; header_font=\u00bb|600|||||||\u00bb header_text_align=\u00bbcenter\u00bb header_text_color=\u00bb#ffffff\u00bb header_font_size=\u00bb45px\u00bb header_2_text_align=\u00bbcenter\u00bb header_2_text_color=\u00bb#ffffff\u00bb custom_margin=\u00bb1px||19px|||\u00bb custom_padding=\u00bb0px|||||\u00bb header_font_size_tablet=\u00bb40px\u00bb header_font_size_phone=\u00bb35px\u00bb header_font_size_last_edited=\u00bbon|phone\u00bb header_2_font_size_tablet=\u00bb32px\u00bb header_2_font_size_phone=\u00bb30px\u00bb header_2_font_size_last_edited=\u00bbon|tablet\u00bb]<\/p>\n<h1>Caracter\u00edsticas<\/h1>\n<p>[\/et_pb_text][\/et_pb_column][\/et_pb_row][\/et_pb_section][et_pb_section fb_built=\u00bb1&#8243; custom_padding_last_edited=\u00bbon|desktop\u00bb admin_label=\u00bbFeatures w Animation\u00bb _builder_version=\u00bb4.4.8&#8243; background_image=\u00bbhttps:\/\/smartfridgeeco.minibarsystems.com\/wp-content\/uploads\/2020\/06\/leaf-pattern-background2.jpg\u00bb overflow-y=\u00bbhidden\u00bb custom_padding=\u00bb54px||0px|||\u00bb custom_padding_tablet=\u00bb30px||||false|false\u00bb custom_padding_phone=\u00bb30px||0px||false|false\u00bb custom_css_main_element=\u00bbbackground-repeat: no-repeat;||background-attachment: fixed;||background-position: center right;||background-size: cover;\u00bb border_width_bottom=\u00bb10px\u00bb border_color_bottom=\u00bb#00652e\u00bb][et_pb_row column_structure=\u00bb1_3,1_3,1_3&#8243; use_custom_gutter=\u00bbon\u00bb gutter_width=\u00bb1&#8243; make_equal=\u00bbon\u00bb admin_label=\u00bbFila\u00bb _builder_version=\u00bb4.4.8&#8243; width=\u00bb100%\u00bb width_tablet=\u00bb100%\u00bb width_phone=\u00bb100%\u00bb width_last_edited=\u00bbon|tablet\u00bb max_width_tablet=\u00bb100%\u00bb max_width_phone=\u00bb\u00bb max_width_last_edited=\u00bbon|tablet\u00bb custom_margin_tablet=\u00bb\u00bb custom_margin_phone=\u00bb\u00bb custom_margin_last_edited=\u00bbon|tablet\u00bb custom_padding=\u00bb||0px||false|false\u00bb][et_pb_column type=\u00bb1_3&#8243; _builder_version=\u00bb4.4.8&#8243; custom_css_main_element=\u00bbwidth:35% !important;\u00bb custom_css_main_element_tablet=\u00bbwidth:40% !important;\u00bb custom_css_main_element_phone=\u00bbwidth:40% !important;\u00bb custom_css_main_element_last_edited=\u00bbon|desktop\u00bb][et_pb_text _builder_version=\u00bb4.4.8&#8243; text_font=\u00bb|700|||||||\u00bb text_line_height=\u00bb1.5em\u00bb text_orientation=\u00bbright\u00bb custom_margin=\u00bb||||false|false\u00bb custom_padding_tablet=\u00bb|0px||20px|false|false\u00bb custom_padding_phone=\u00bb|||10px|false|false\u00bb custom_padding_last_edited=\u00bbon|tablet\u00bb scroll_horizontal_motion_enable=\u00bbon\u00bb scroll_horizontal_motion=\u00bb0|50|50|100|1|0|0&#8243; text_font_size_tablet=\u00bb14px\u00bb text_font_size_phone=\u00bb9px\u00bb text_font_size_last_edited=\u00bbon|phone\u00bb text_line_height_tablet=\u00bb\u00bb text_line_height_phone=\u00bb1.2em\u00bb text_line_height_last_edited=\u00bbon|phone\u00bb]SmartFridgeECO \u2122 solo enfr\u00eda cuando los invitados usan el refrigerador<\/p>\n<p>Se enciende y apaga autom\u00e1ticamente en el check-in y check-out a trav\u00e9s de PMS<\/p>\n<p>Ahorra hasta un 87% de energ\u00eda en comparaci\u00f3n con otros refrigeradores de conveniencia<\/p>\n<p>Repetici\u00f3n autom\u00e1tica y descongelaci\u00f3n para un funcionamiento silencioso durante la noche<\/p>\n<p>Informe de las habitaciones para desinfectar despu\u00e9s de la salida si el hu\u00e9sped del hotel usa la nevera[\/et_pb_text][\/et_pb_column][et_pb_column type=\u00bb1_3&#8243; _builder_version=\u00bb4.4.8&#8243; custom_padding=\u00bb||||false|false\u00bb custom_css_main_element=\u00bbwidth:25% !important;\u00bb custom_css_main_element_last_edited=\u00bbon|phone\u00bb custom_css_main_element_tablet=\u00bbwidth:18% !important;\u00bb custom_css_main_element_phone=\u00bbwidth:20% !important;||margin: auto auto 0;\u00bb][et_pb_image src=\u00bbhttps:\/\/smartfridgeeco.minibarsystems.com\/wp-content\/uploads\/2020\/06\/stalk-01.png\u00bb title_text=\u00bbtallo-01&#8243; align=\u00bbcenter\u00bb admin_label=\u00bbStalk image\u00bb _builder_version=\u00bb4.4.8&#8243; width_tablet=\u00bb\u00bb width_phone=\u00bb\u00bb width_last_edited=\u00bbon|phone\u00bb max_width=\u00bb150px\u00bb max_width_tablet=\u00bb130px\u00bb max_width_phone=\u00bb\u00bb max_width_last_edited=\u00bbon|tablet\u00bb custom_margin=\u00bb||-4px||false|false\u00bb custom_padding_tablet=\u00bb\u00bb custom_padding_phone=\u00bb15px||||false|false\u00bb custom_padding_last_edited=\u00bbon|desktop\u00bb scroll_vertical_motion_enable=\u00bbon\u00bb scroll_vertical_motion=\u00bb0|20|20|40|4|1|0&#8243; scroll_scaling_enable=\u00bbon\u00bb scroll_scaling=\u00bb0|50|50|100|60%|100|100&#8243; motion_trigger_start=\u00bbtop\u00bb][\/et_pb_image][\/et_pb_column][et_pb_column type=\u00bb1_3&#8243; _builder_version=\u00bb4.4.8&#8243; custom_css_main_element=\u00bbwidth:35% !important;\u00bb custom_css_main_element_tablet=\u00bbwidth:40% !important;\u00bb custom_css_main_element_phone=\u00bbwidth:40% !important;\u00bb custom_css_main_element_last_edited=\u00bbon|phone\u00bb][et_pb_text _builder_version=\u00bb4.4.8&#8243; text_font=\u00bb|700|||||||\u00bb text_line_height=\u00bb1.5em\u00bb custom_margin=\u00bb||||false|false\u00bb custom_padding_tablet=\u00bb|20px||0px|false|false\u00bb custom_padding_phone=\u00bb|10px|||false|false\u00bb custom_padding_last_edited=\u00bbon|desktop\u00bb scroll_horizontal_motion_enable=\u00bbon\u00bb scroll_horizontal_motion=\u00bb0|50|50|100|-1|0|0&#8243; text_font_size_tablet=\u00bb14px\u00bb text_font_size_phone=\u00bb9px\u00bb text_font_size_last_edited=\u00bbon|desktop\u00bb text_line_height_tablet=\u00bb\u00bb text_line_height_phone=\u00bb1.2em\u00bb text_line_height_last_edited=\u00bbon|phone\u00bb module_alignment_last_edited=\u00bboff|phone\u00bb]Configuraci\u00f3n r\u00e1pida y sencilla de Wi-Fi por parte del personal del hotel mediante tableta o tel\u00e9fono inteligente<\/p>\n<p>Informes detallados de hoteles y marcas sobre an\u00e1lisis de uso y energ\u00eda<\/p>\n<p>Todos los ajustes operativos pueden ser personalizados por el hotel.<\/p>\n<p>Tecnolog\u00eda inteligente que extiende la vida \u00fatil de SmartFridgeECO \u2122<\/p>\n<p>El hotel puede ejecutar escenarios hipot\u00e9ticos de ahorro de energ\u00eda para ahorrar a\u00fan m\u00e1s energ\u00eda[\/et_pb_text][\/et_pb_column][\/et_pb_row][\/et_pb_section]<\/p>\n","protected":false},"excerpt":{"rendered":"<p>Caracter\u00edsticasSmartFridgeECO \u2122 solo enfr\u00eda cuando los invitados usan el refrigerador Se enciende y apaga autom\u00e1ticamente en el check-in y check-out a trav\u00e9s de PMS Ahorra hasta un 87% de energ\u00eda en comparaci\u00f3n con otros refrigeradores de conveniencia Repetici\u00f3n autom\u00e1tica y descongelaci\u00f3n para un funcionamiento silencioso durante la noche Informe de las habitaciones para desinfectar despu\u00e9s [&hellip;]<\/p>\n","protected":false},"author":1,"featured_media":0,"parent":0,"menu_order":0,"comment_status":"closed","ping_status":"closed","template":"","meta":{"_et_pb_use_builder":"on","_et_pb_old_content":"","_et_gb_content_width":"","footnotes":""},"class_list":["post-1932","page","type-page","status-publish","hentry"],"_links":{"self":[{"href":"https:\/\/smartfridgeeco.minibarsystems.com\/es\/wp-json\/wp\/v2\/pages\/1932","targetHints":{"allow":["GET"]}}],"collection":[{"href":"https:\/\/smartfridgeeco.minibarsystems.com\/es\/wp-json\/wp\/v2\/pages"}],"about":[{"href":"https:\/\/smartfridgeeco.minibarsystems.com\/es\/wp-json\/wp\/v2\/types\/page"}],"author":[{"embeddable":true,"href":"https:\/\/smartfridgeeco.minibarsystems.com\/es\/wp-json\/wp\/v2\/users\/1"}],"replies":[{"embeddable":true,"href":"https:\/\/smartfridgeeco.minibarsystems.com\/es\/wp-json\/wp\/v2\/comments?post=1932"}],"version-history":[{"count":2,"href":"https:\/\/smartfridgeeco.minibarsystems.com\/es\/wp-json\/wp\/v2\/pages\/1932\/revisions"}],"predecessor-version":[{"id":1940,"href":"https:\/\/smartfridgeeco.minibarsystems.com\/es\/wp-json\/wp\/v2\/pages\/1932\/revisions\/1940"}],"wp:attachment":[{"href":"https:\/\/smartfridgeeco.minibarsystems.com\/es\/wp-json\/wp\/v2\/media?parent=1932"}],"curies":[{"name":"wp","href":"https:\/\/api.w.org\/{rel}","templated":true}]}}