{"id":1935,"date":"2021-04-19T20:08:26","date_gmt":"2021-04-19T20:08:26","guid":{"rendered":"https:\/\/smartfridgeeco.minibarsystems.com\/sobre-nosotros\/"},"modified":"2021-04-19T20:08:33","modified_gmt":"2021-04-19T20:08:33","slug":"sobre-nosotros","status":"publish","type":"page","link":"https:\/\/smartfridgeeco.minibarsystems.com\/es\/sobre-nosotros\/","title":{"rendered":"Sobre nosotros"},"content":{"rendered":"<p>[et_pb_section fb_built=\u00bb1&#8243; module_class=\u00bbdtb-mobile-parallax\u00bb _builder_version=\u00bb4.4.8&#8243; background_color=\u00bb#00652e\u00bb background_image=\u00bbhttps:\/\/smartfridgeeco.minibarsystems.com\/wp-content\/uploads\/2020\/07\/background-leaves-gr3.jpg\u00bb parallax=\u00bbon\u00bb parallax_method=\u00bboff\u00bb custom_padding=\u00bb50px||20px||false|false\u00bb box_shadow_style=\u00bbpreset3&#8243;][et_pb_row _builder_version=\u00bb4.4.8&#8243; custom_padding=\u00bb27px|||||\u00bb][et_pb_column type=\u00bb4_4&#8243; _builder_version=\u00bb4.4.8&#8243;][et_pb_text _builder_version=\u00bb4.4.8&#8243; header_font=\u00bb|600|||||||\u00bb header_text_align=\u00bbcenter\u00bb header_text_color=\u00bb#ffffff\u00bb header_font_size=\u00bb45px\u00bb header_2_text_align=\u00bbcenter\u00bb header_2_text_color=\u00bb#ffffff\u00bb custom_margin=\u00bb1px||19px|||\u00bb custom_padding=\u00bb0px|||||\u00bb header_font_size_tablet=\u00bb40px\u00bb header_font_size_phone=\u00bb35px\u00bb header_font_size_last_edited=\u00bbon|phone\u00bb header_2_font_size_tablet=\u00bb32px\u00bb header_2_font_size_phone=\u00bb30px\u00bb header_2_font_size_last_edited=\u00bbon|tablet\u00bb]<\/p>\n<h1>Acerca de &#8211; MINIBAR SYSTEMS<\/h1>\n<p>[\/et_pb_text][\/et_pb_column][\/et_pb_row][\/et_pb_section][et_pb_section fb_built=\u00bb1&#8243; _builder_version=\u00bb4.4.8&#8243; background_image=\u00bbhttps:\/\/smartfridgeeco.minibarsystems.com\/wp-content\/uploads\/2020\/06\/leaf-pattern-background2.jpg\u00bb custom_css_main_element=\u00bbbackground-repeat: no-repeat;||background-attachment: fixed;||background-position: center right;||background-size: cover;\u00bb][et_pb_row _builder_version=\u00bb4.4.8&#8243; background_color=\u00bb#ffffff\u00bb custom_padding=\u00bb40px|20px|20px|20px|false|false\u00bb box_shadow_style=\u00bbpreset3&#8243;][et_pb_column type=\u00bb4_4&#8243; _builder_version=\u00bb4.4.8&#8243;][et_pb_text _builder_version=\u00bb4.4.8&#8243; max_width=\u00bb800px\u00bb module_alignment=\u00bbcenter\u00bb hover_enabled=\u00bb0&#8243;]<strong>Sistemas de minibar en todo el mundo<\/strong> es una empresa con sede en Rockville, Maryland, con m\u00e1s de 50 a\u00f1os de experiencia en la prestaci\u00f3n de servicios en la habitaci\u00f3n para la industria hotelera mundial. Nuestras l\u00edneas de productos incluyen minibares totalmente automatizados<strong> (SmartCube)<\/strong> , Minibares manuales<strong> (Primo)<\/strong> , Cajas fuertes en las habitaciones<strong> (Caja inteligente)<\/strong> , Neveras<strong> (SmartFridge)<\/strong> , Desinfectantes y desinfectantes<strong> (SmartHands)<\/strong> y una gama completa de servicios de apoyo.[\/et_pb_text][\/et_pb_column][\/et_pb_row][et_pb_row column_structure=\u00bb1_5,1_5,1_5,1_5,1_5&#8243; use_custom_gutter=\u00bbon\u00bb gutter_width=\u00bb2&#8243; _builder_version=\u00bb4.4.8&#8243; background_color=\u00bb#ffffff\u00bb custom_padding=\u00bb20px|20px|20px|20px|false|false\u00bb box_shadow_style=\u00bbpreset3&#8243;][et_pb_column type=\u00bb1_5&#8243; _builder_version=\u00bb4.4.8&#8243;][et_pb_image src=\u00bbhttps:\/\/smartfridgeeco.minibarsystems.com\/wp-content\/uploads\/2020\/06\/About-Product-SmartCube.png\u00bb title_text=\u00bbAcerca del producto SmartCube\u00bb _builder_version=\u00bb4.4.8&#8243; custom_margin=\u00bb||10px||false|false\u00bb][\/et_pb_image][et_pb_text _builder_version=\u00bb4.4.8&#8243; header_3_font=\u00bb|600|||||||\u00bb header_3_text_align=\u00bbcenter\u00bb header_3_font_size=\u00bb18px\u00bb]<\/p>\n<h3><em>SmartCube<\/em><\/h3>\n<p>[\/et_pb_text][\/et_pb_column][et_pb_column type=\u00bb1_5&#8243; _builder_version=\u00bb4.4.8&#8243;][et_pb_image src=\u00bbhttps:\/\/smartfridgeeco.minibarsystems.com\/wp-content\/uploads\/2020\/06\/About-Product-Primo.png\u00bb title_text=\u00bbAcerca del producto Primo\u00bb _builder_version=\u00bb4.4.8&#8243; custom_margin=\u00bb||10px||false|false\u00bb][\/et_pb_image][et_pb_text _builder_version=\u00bb4.4.8&#8243; header_3_font=\u00bb|600|||||||\u00bb header_3_text_align=\u00bbcenter\u00bb header_3_font_size=\u00bb18px\u00bb]<\/p>\n<h3><em>Primo<\/em><\/h3>\n<p>[\/et_pb_text][\/et_pb_column][et_pb_column type=\u00bb1_5&#8243; _builder_version=\u00bb4.4.8&#8243;][et_pb_image src=\u00bbhttps:\/\/smartfridgeeco.minibarsystems.com\/wp-content\/uploads\/2020\/06\/About-Product-SmartBox.png\u00bb title_text=\u00bbAcerca del producto SmartBox\u00bb _builder_version=\u00bb4.4.8&#8243; custom_margin=\u00bb||10px||false|false\u00bb][\/et_pb_image][et_pb_text _builder_version=\u00bb4.4.8&#8243; header_3_font=\u00bb|600|||||||\u00bb header_3_text_align=\u00bbcenter\u00bb header_3_font_size=\u00bb18px\u00bb]<\/p>\n<h3><em>Caja inteligente<\/em><\/h3>\n<p>[\/et_pb_text][\/et_pb_column][et_pb_column type=\u00bb1_5&#8243; _builder_version=\u00bb4.4.8&#8243;][et_pb_image src=\u00bbhttps:\/\/smartfridgeeco.minibarsystems.com\/wp-content\/uploads\/2020\/06\/About-Product-SmartFridgeECO.png\u00bb title_text=\u00bbAcerca del producto SmartFridgeECO\u00bb _builder_version=\u00bb4.4.8&#8243; custom_margin=\u00bb||10px||false|false\u00bb][\/et_pb_image][et_pb_text _builder_version=\u00bb4.4.8&#8243; header_3_font=\u00bb|600|||||||\u00bb header_3_text_align=\u00bbcenter\u00bb header_3_font_size=\u00bb18px\u00bb]<\/p>\n<h3><em>SmartFridgeECO<sup style=\"font-size: .5em\"> TM<\/sup><\/em><\/h3>\n<p>[\/et_pb_text][\/et_pb_column][et_pb_column type=\u00bb1_5&#8243; _builder_version=\u00bb4.4.8&#8243;][et_pb_image src=\u00bbhttps:\/\/smartfridgeeco.minibarsystems.com\/wp-content\/uploads\/2020\/06\/About-Product-SmartHands.png\u00bb title_text=\u00bbAcerca del producto SmartHands\u00bb _builder_version=\u00bb4.4.8&#8243; custom_margin=\u00bb||10px||false|false\u00bb][\/et_pb_image][et_pb_text _builder_version=\u00bb4.4.8&#8243; header_3_font=\u00bb|600|||||||\u00bb header_3_text_align=\u00bbcenter\u00bb header_3_font_size=\u00bb18px\u00bb]<\/p>\n<h3><em>SmartHands<sup style=\"font-size: .5em\"> TM<\/sup><\/em><\/h3>\n<p>[\/et_pb_text][\/et_pb_column][\/et_pb_row][et_pb_row column_structure=\u00bb1_3,1_3,1_3&#8243; use_custom_gutter=\u00bbon\u00bb gutter_width=\u00bb2&#8243; make_equal=\u00bbon\u00bb _builder_version=\u00bb4.4.8&#8243; custom_padding=\u00bb40px|||||\u00bb][et_pb_column type=\u00bb1_3&#8243; _builder_version=\u00bb4.4.8&#8243; custom_css_main_element=\u00bbmargin-top:auto;||margin-bottom:auto;\u00bb][et_pb_image src=\u00bbhttps:\/\/smartfridgeeco.minibarsystems.com\/wp-content\/uploads\/2020\/06\/SmartFridge_Eco_Logo_Black_Green_Leaf_TM.png\u00bb title_text=\u00bbSmartFridge_Eco_Logo_Black_Green_Leaf_TM\u00bb url=\u00bbhttps:\/\/smartfridgeeco.minibarsystems.com\/?lang=es\u00bb align=\u00bbcenter\u00bb _builder_version=\u00bb4.4.8&#8243; max_height=\u00bb50px\u00bb][\/et_pb_image][\/et_pb_column][et_pb_column type=\u00bb1_3&#8243; _builder_version=\u00bb4.4.8&#8243;][et_pb_image src=\u00bbhttps:\/\/smartfridgeeco.minibarsystems.com\/wp-content\/uploads\/2020\/06\/Minibar-Systems_Logo.png\u00bb title_text=\u00bbMinibar-Systems_Logo\u00bb url=\u00bbhttp:\/\/www.minibar.ch\/default.cfm\u00bb url_new_window=\u00bbon\u00bb align=\u00bbcenter\u00bb _builder_version=\u00bb4.4.8&#8243; max_height=\u00bb120px\u00bb][\/et_pb_image][\/et_pb_column][et_pb_column type=\u00bb1_3&#8243; _builder_version=\u00bb4.4.8&#8243;][et_pb_image src=\u00bbhttps:\/\/smartfridgeeco.minibarsystems.com\/wp-content\/uploads\/2020\/06\/SmartHands-logo.png\u00bb title_text=\u00bbSmartHands-logo\u00bb url=\u00bbhttps:\/\/smarthands.minibarsystems.com\/\u00bb url_new_window=\u00bbon\u00bb align=\u00bbcenter\u00bb _builder_version=\u00bb4.4.8&#8243; max_height=\u00bb120px\u00bb][\/et_pb_image][\/et_pb_column][\/et_pb_row][\/et_pb_section]<\/p>\n","protected":false},"excerpt":{"rendered":"<p>Acerca de &#8211; MINIBAR SYSTEMSSistemas de minibar en todo el mundo es una empresa con sede en Rockville, Maryland, con m\u00e1s de 50 a\u00f1os de experiencia en la prestaci\u00f3n de servicios en la habitaci\u00f3n para la industria hotelera mundial. Nuestras l\u00edneas de productos incluyen minibares totalmente automatizados (SmartCube) , Minibares manuales (Primo) , Cajas fuertes [&hellip;]<\/p>\n","protected":false},"author":1,"featured_media":0,"parent":0,"menu_order":0,"comment_status":"closed","ping_status":"closed","template":"","meta":{"_et_pb_use_builder":"on","_et_pb_old_content":"","_et_gb_content_width":"","footnotes":""},"class_list":["post-1935","page","type-page","status-publish","hentry"],"_links":{"self":[{"href":"https:\/\/smartfridgeeco.minibarsystems.com\/es\/wp-json\/wp\/v2\/pages\/1935","targetHints":{"allow":["GET"]}}],"collection":[{"href":"https:\/\/smartfridgeeco.minibarsystems.com\/es\/wp-json\/wp\/v2\/pages"}],"about":[{"href":"https:\/\/smartfridgeeco.minibarsystems.com\/es\/wp-json\/wp\/v2\/types\/page"}],"author":[{"embeddable":true,"href":"https:\/\/smartfridgeeco.minibarsystems.com\/es\/wp-json\/wp\/v2\/users\/1"}],"replies":[{"embeddable":true,"href":"https:\/\/smartfridgeeco.minibarsystems.com\/es\/wp-json\/wp\/v2\/comments?post=1935"}],"version-history":[{"count":3,"href":"https:\/\/smartfridgeeco.minibarsystems.com\/es\/wp-json\/wp\/v2\/pages\/1935\/revisions"}],"predecessor-version":[{"id":1961,"href":"https:\/\/smartfridgeeco.minibarsystems.com\/es\/wp-json\/wp\/v2\/pages\/1935\/revisions\/1961"}],"wp:attachment":[{"href":"https:\/\/smartfridgeeco.minibarsystems.com\/es\/wp-json\/wp\/v2\/media?parent=1935"}],"curies":[{"name":"wp","href":"https:\/\/api.w.org\/{rel}","templated":true}]}}