{"id":1973,"date":"2021-04-19T20:11:06","date_gmt":"2021-04-19T20:11:06","guid":{"rendered":"https:\/\/smartfridgeeco.minibarsystems.com\/especificaciones-de-software\/"},"modified":"2021-04-19T20:11:10","modified_gmt":"2021-04-19T20:11:10","slug":"especificaciones-de-software","status":"publish","type":"page","link":"https:\/\/smartfridgeeco.minibarsystems.com\/es\/especificaciones-de-software\/","title":{"rendered":"Especificaciones de software"},"content":{"rendered":"<p>[et_pb_section fb_built=\u00bb1&#8243; _builder_version=\u00bb4.4.8&#8243; background_color=\u00bb#00652e\u00bb background_image=\u00bbhttps:\/\/smartfridgeeco.minibarsystems.com\/wp-content\/uploads\/2020\/07\/background-leaves-gr3.jpg\u00bb custom_padding=\u00bb50px||20px||false|false\u00bb hover_enabled=\u00bb0&#8243; box_shadow_style=\u00bbpreset3&#8243; title_text=\u00bbbackground-leaves-gr3&#8243; parallax=\u00bbon\u00bb parallax_method=\u00bboff\u00bb][et_pb_row _builder_version=\u00bb4.4.8&#8243; custom_padding=\u00bb27px|||||\u00bb][et_pb_column type=\u00bb4_4&#8243; _builder_version=\u00bb4.4.8&#8243;][et_pb_text _builder_version=\u00bb4.4.8&#8243; header_font=\u00bb|600|||||||\u00bb header_text_align=\u00bbcenter\u00bb header_text_color=\u00bb#ffffff\u00bb header_font_size=\u00bb45px\u00bb header_2_text_align=\u00bbcenter\u00bb header_2_text_color=\u00bb#ffffff\u00bb custom_margin=\u00bb1px||19px|||\u00bb custom_padding=\u00bb0px|||||\u00bb header_font_size_tablet=\u00bb40px\u00bb header_font_size_phone=\u00bb35px\u00bb header_font_size_last_edited=\u00bbon|phone\u00bb header_2_font_size_tablet=\u00bb32px\u00bb header_2_font_size_phone=\u00bb30px\u00bb header_2_font_size_last_edited=\u00bbon|tablet\u00bb]<\/p>\n<h1>Software y especificaciones<\/h1>\n<p>[\/et_pb_text][\/et_pb_column][\/et_pb_row][\/et_pb_section][et_pb_section fb_built=\u00bb1&#8243; custom_padding_last_edited=\u00bbon|phone\u00bb _builder_version=\u00bb4.4.8&#8243; background_color=\u00bb#ffffff\u00bb background_image=\u00bbhttps:\/\/smartfridgeeco.minibarsystems.com\/wp-content\/uploads\/2020\/06\/leaf-pattern-background2.jpg\u00bb custom_margin=\u00bb||-10px||false|false\u00bb custom_padding=\u00bb50px||50px||false|false\u00bb custom_padding_tablet=\u00bb\u00bb custom_padding_phone=\u00bb30px||0px||false|false\u00bb custom_css_main_element=\u00bbbackground-repeat: no-repeat;||background-attachment: fixed;||background-position: center right;||background-size: cover;\u00bb][et_pb_row column_structure=\u00bb1_2,1_2&#8243; use_custom_gutter=\u00bbon\u00bb gutter_width=\u00bb2&#8243; make_equal=\u00bbon\u00bb _builder_version=\u00bb4.4.8&#8243;][et_pb_column type=\u00bb1_2&#8243; _builder_version=\u00bb4.4.8&#8243; background_color=\u00bb#ffffff\u00bb custom_padding=\u00bb20px|20px|20px|20px|false|false\u00bb border_width_all=\u00bb1px\u00bb border_color_all=\u00bb#cccccc\u00bb box_shadow_style=\u00bbpreset3&#8243; box_shadow_color=\u00bbrgba(0,0,0,0.15)\u00bb][et_pb_text _builder_version=\u00bb4.4.8&#8243; header_2_text_align=\u00bbcenter\u00bb custom_padding=\u00bb||0px|||\u00bb]<\/p>\n<h2><strong>Software<\/strong><\/h2>\n<p>[\/et_pb_text][et_pb_blurb title=\u00bbSoftware de red f\u00e1cil de usar\u00bb image=\u00bbhttps:\/\/smartfridgeeco.minibarsystems.com\/wp-content\/uploads\/2020\/06\/icon-leaf-01.png\u00bb icon_placement=\u00bbleft\u00bb _builder_version=\u00bb4.4.8&#8243; custom_css_blurb_image=\u00bbwidth:40px;\u00bb][\/et_pb_blurb][et_pb_blurb title=\u00bbPanel de control en l\u00ednea en tiempo real \u00bb image=\u00bbhttps:\/\/smartfridgeeco.minibarsystems.com\/wp-content\/uploads\/2020\/06\/icon-leaf-01.png\u00bb icon_placement=\u00bbleft\u00bb _builder_version=\u00bb4.4.8&#8243; custom_css_blurb_image=\u00bbwidth:40px;\u00bb][\/et_pb_blurb][et_pb_blurb title=\u00bbInforme de limpieza que detalla las habitaciones para desinfectar y las puertas abiertas\u00bb image=\u00bbhttps:\/\/smartfridgeeco.minibarsystems.com\/wp-content\/uploads\/2020\/06\/icon-leaf-01.png\u00bb icon_placement=\u00bbleft\u00bb _builder_version=\u00bb4.4.8&#8243; custom_css_blurb_image=\u00bbwidth:40px;\u00bb][\/et_pb_blurb][et_pb_blurb title=\u00bbInforme de mantenimiento que detalla los frigor\u00edficos fuera de l\u00ednea\u00bb image=\u00bbhttps:\/\/smartfridgeeco.minibarsystems.com\/wp-content\/uploads\/2020\/06\/icon-leaf-01.png\u00bb icon_placement=\u00bbleft\u00bb _builder_version=\u00bb4.4.8&#8243; custom_css_blurb_image=\u00bbwidth:40px;\u00bb][\/et_pb_blurb][et_pb_blurb title=\u00bbPanel de control en l\u00ednea en tiempo real \u00bb image=\u00bbhttps:\/\/smartfridgeeco.minibarsystems.com\/wp-content\/uploads\/2020\/06\/icon-leaf-01.png\u00bb icon_placement=\u00bbleft\u00bb _builder_version=\u00bb4.4.8&#8243; custom_css_blurb_image=\u00bbwidth:40px;\u00bb][\/et_pb_blurb][et_pb_blurb title=\u00bbAhorros de energ\u00eda hist\u00f3ricos para an\u00e1lisis\u00bb image=\u00bbhttps:\/\/smartfridgeeco.minibarsystems.com\/wp-content\/uploads\/2020\/06\/icon-leaf-01.png\u00bb icon_placement=\u00bbleft\u00bb _builder_version=\u00bb4.4.8&#8243; custom_css_blurb_image=\u00bbwidth:40px;\u00bb][\/et_pb_blurb][et_pb_blurb title=\u00bbEscenarios de consumo de energ\u00eda\u00bb image=\u00bbhttps:\/\/smartfridgeeco.minibarsystems.com\/wp-content\/uploads\/2020\/06\/icon-leaf-01.png\u00bb icon_placement=\u00bbleft\u00bb _builder_version=\u00bb4.4.8&#8243; custom_css_blurb_image=\u00bbwidth:40px;\u00bb][\/et_pb_blurb][et_pb_text _builder_version=\u00bb4.4.8&#8243; text_font_size=\u00bb9px\u00bb text_line_height=\u00bb1.4em\u00bb header_2_text_align=\u00bbcenter\u00bb custom_padding=\u00bb40px||0px||false|false\u00bb]* No hay estantes de puerta disponibles en puertas de vidrio.<br \/>\n** Consumo medio de energ\u00eda por frigor\u00edfico usado cada 24 horas, a una temperatura ambiente de 25 \u00b0 C (77 \u00b0 F) y una temperatura de enfriamiento de 7 \u00b0 C (44,6 \u00b0 F), de conformidad con la norma EN ISO 7371.[\/et_pb_text][\/et_pb_column][et_pb_column type=\u00bb1_2&#8243; _builder_version=\u00bb4.4.8&#8243; background_color=\u00bb#ffffff\u00bb custom_padding=\u00bb20px|20px|20px|20px|false|false\u00bb border_width_all=\u00bb1px\u00bb border_color_all=\u00bb#cccccc\u00bb box_shadow_style=\u00bbpreset3&#8243; box_shadow_color=\u00bbrgba(0,0,0,0.15)\u00bb][et_pb_text _builder_version=\u00bb4.4.8&#8243; header_2_text_align=\u00bbcenter\u00bb custom_padding=\u00bb||0px|||\u00bb]<\/p>\n<h2><strong>Especificaciones<\/strong><\/h2>\n<p>[\/et_pb_text][et_pb_image src=\u00bbhttps:\/\/smartfridgeeco.minibarsystems.com\/wp-content\/uploads\/2020\/06\/Screen-Shot-2020-06-26-at-12.38.40-AM.png\u00bb title_text=\u00bbCaptura de pantalla 26\/06\/2020 a las 12.38.40 a. M.\u00bb _builder_version=\u00bb4.4.8&#8243;][\/et_pb_image][\/et_pb_column][\/et_pb_row][\/et_pb_section]<\/p>\n","protected":false},"excerpt":{"rendered":"<p>Software y especificacionesSoftware* No hay estantes de puerta disponibles en puertas de vidrio. ** Consumo medio de energ\u00eda por frigor\u00edfico usado cada 24 horas, a una temperatura ambiente de 25 \u00b0 C (77 \u00b0 F) y una temperatura de enfriamiento de 7 \u00b0 C (44,6 \u00b0 F), de conformidad con la norma EN ISO 7371.Especificaciones<\/p>\n","protected":false},"author":1,"featured_media":0,"parent":0,"menu_order":0,"comment_status":"closed","ping_status":"closed","template":"","meta":{"_et_pb_use_builder":"on","_et_pb_old_content":"","_et_gb_content_width":"","footnotes":""},"class_list":["post-1973","page","type-page","status-publish","hentry"],"_links":{"self":[{"href":"https:\/\/smartfridgeeco.minibarsystems.com\/es\/wp-json\/wp\/v2\/pages\/1973","targetHints":{"allow":["GET"]}}],"collection":[{"href":"https:\/\/smartfridgeeco.minibarsystems.com\/es\/wp-json\/wp\/v2\/pages"}],"about":[{"href":"https:\/\/smartfridgeeco.minibarsystems.com\/es\/wp-json\/wp\/v2\/types\/page"}],"author":[{"embeddable":true,"href":"https:\/\/smartfridgeeco.minibarsystems.com\/es\/wp-json\/wp\/v2\/users\/1"}],"replies":[{"embeddable":true,"href":"https:\/\/smartfridgeeco.minibarsystems.com\/es\/wp-json\/wp\/v2\/comments?post=1973"}],"version-history":[{"count":2,"href":"https:\/\/smartfridgeeco.minibarsystems.com\/es\/wp-json\/wp\/v2\/pages\/1973\/revisions"}],"predecessor-version":[{"id":1986,"href":"https:\/\/smartfridgeeco.minibarsystems.com\/es\/wp-json\/wp\/v2\/pages\/1973\/revisions\/1986"}],"wp:attachment":[{"href":"https:\/\/smartfridgeeco.minibarsystems.com\/es\/wp-json\/wp\/v2\/media?parent=1973"}],"curies":[{"name":"wp","href":"https:\/\/api.w.org\/{rel}","templated":true}]}}