{"id":1998,"date":"2021-04-19T20:11:17","date_gmt":"2021-04-19T20:11:17","guid":{"rendered":"https:\/\/smartfridgeeco.minibarsystems.com\/induccion\/"},"modified":"2021-04-19T20:12:24","modified_gmt":"2021-04-19T20:12:24","slug":"induccion","status":"publish","type":"page","link":"https:\/\/smartfridgeeco.minibarsystems.com\/es\/induccion\/","title":{"rendered":"Inducci\u00f3n"},"content":{"rendered":"<p>[et_pb_section fb_built=\u00bb1&#8243; _builder_version=\u00bb4.4.8&#8243; background_color=\u00bb#00652e\u00bb background_image=\u00bbhttps:\/\/smartfridgeeco.minibarsystems.com\/wp-content\/uploads\/2020\/07\/background-leaves-gr3.jpg\u00bb parallax=\u00bbon\u00bb parallax_method=\u00bboff\u00bb custom_padding=\u00bb50px||0px||false|false\u00bb box_shadow_style=\u00bbpreset3&#8243;][et_pb_row _builder_version=\u00bb4.4.8&#8243; custom_padding=\u00bb27px|||||\u00bb][et_pb_column type=\u00bb4_4&#8243; _builder_version=\u00bb4.4.8&#8243;][et_pb_text _builder_version=\u00bb4.4.8&#8243; header_font=\u00bb|600|||||||\u00bb header_text_align=\u00bbcenter\u00bb header_text_color=\u00bb#ffffff\u00bb header_font_size=\u00bb45px\u00bb header_2_text_align=\u00bbcenter\u00bb header_2_text_color=\u00bb#ffffff\u00bb custom_margin=\u00bb1px||19px||false|false\u00bb custom_padding=\u00bb0px|||||\u00bb header_font_size_tablet=\u00bb40px\u00bb header_font_size_phone=\u00bb35px\u00bb header_font_size_last_edited=\u00bbon|phone\u00bb header_2_font_size_tablet=\u00bb32px\u00bb header_2_font_size_phone=\u00bb30px\u00bb header_2_font_size_last_edited=\u00bbon|tablet\u00bb]<\/p>\n<h1>F\u00e1cil instalaci\u00f3n e incorporaci\u00f3n<\/h1>\n<p>[\/et_pb_text][\/et_pb_column][\/et_pb_row][\/et_pb_section][et_pb_section fb_built=\u00bb1&#8243; _builder_version=\u00bb4.4.8&#8243; background_image=\u00bbhttps:\/\/smartfridgeeco.minibarsystems.com\/wp-content\/uploads\/2020\/06\/leaf-pattern-background2.jpg\u00bb custom_css_main_element=\u00bbbackground-repeat: no-repeat;||background-attachment: fixed;||background-position: center right;||background-size: cover;\u00bb][et_pb_row column_structure=\u00bb1_2,1_2&#8243; make_equal=\u00bbon\u00bb _builder_version=\u00bb4.4.8&#8243;][et_pb_column type=\u00bb1_2&#8243; _builder_version=\u00bb4.4.8&#8243; background_color=\u00bb#ffffff\u00bb custom_padding=\u00bb20px|20px|0px|20px|false|false\u00bb border_radii=\u00bbon|10px|10px|10px|10px\u00bb border_color_all=\u00bb#ffffff\u00bb box_shadow_style=\u00bbpreset3&#8243;][et_pb_text _builder_version=\u00bb4.4.8&#8243; header_2_font_size=\u00bb20px\u00bb text_orientation=\u00bbcenter\u00bb]<\/p>\n<h2><strong>Configuraci\u00f3n sencilla con un tel\u00e9fono inteligente o una tableta<\/strong><\/h2>\n<p>[\/et_pb_text][et_pb_image src=\u00bbhttps:\/\/smartfridgeeco.minibarsystems.com\/wp-content\/uploads\/2020\/06\/ScreenMobile-SmartFridge-Eco-Onboard-Report.png\u00bb title_text=\u00bbScreenMobile-SmartFridge-Eco-Onboard-Report\u00bb show_bottom_space=\u00bboff\u00bb align=\u00bbcenter\u00bb _builder_version=\u00bb4.4.8&#8243; max_width=\u00bb400px\u00bb custom_margin=\u00bb-10px||||false|false\u00bb][\/et_pb_image][\/et_pb_column][et_pb_column type=\u00bb1_2&#8243; _builder_version=\u00bb4.4.8&#8243; background_color=\u00bb#ffffff\u00bb custom_padding=\u00bb20px|20px|0px|20px|false|false\u00bb border_radii=\u00bbon|10px|10px|10px|10px\u00bb border_color_all=\u00bb#ffffff\u00bb box_shadow_style=\u00bbpreset3&#8243;][et_pb_text _builder_version=\u00bb4.4.8&#8243; header_2_font_size=\u00bb20px\u00bb text_orientation=\u00bbcenter\u00bb]<\/p>\n<h2><strong>Incorporaci\u00f3n ultrarr\u00e1pida<\/strong><\/h2>\n<p>[\/et_pb_text][et_pb_image src=\u00bbhttps:\/\/smartfridgeeco.minibarsystems.com\/wp-content\/uploads\/2020\/06\/ScreenTablet-SmartFridge-Eco-Onboard-Report.png\u00bb title_text=\u00bbScreenTablet-SmartFridge-Eco-Onboard-Report\u00bb show_bottom_space=\u00bboff\u00bb align=\u00bbcenter\u00bb _builder_version=\u00bb4.4.8&#8243; max_width=\u00bb400px\u00bb custom_margin=\u00bb||0px||false|false\u00bb custom_padding=\u00bb||0px||false|false\u00bb][\/et_pb_image][\/et_pb_column][\/et_pb_row][\/et_pb_section][et_pb_section fb_built=\u00bb1&#8243; _builder_version=\u00bb4.4.8&#8243; background_image=\u00bbhttps:\/\/smartfridgeeco.minibarsystems.com\/wp-content\/uploads\/2020\/06\/leaf-pattern-background2.jpg\u00bb custom_css_main_element=\u00bbbackground-repeat: no-repeat;||background-attachment: fixed;||background-position: center right;||background-size: cover;\u00bb][et_pb_row make_equal=\u00bbon\u00bb _builder_version=\u00bb4.4.8&#8243;][et_pb_column type=\u00bb4_4&#8243; _builder_version=\u00bb4.4.8&#8243; background_color=\u00bb#ffffff\u00bb custom_padding=\u00bb20px|20px|20px|20px|false|false\u00bb border_radii=\u00bbon|10px|10px|10px|10px\u00bb border_color_all=\u00bb#ffffff\u00bb box_shadow_style=\u00bbpreset3&#8243;][et_pb_text _builder_version=\u00bb4.4.8&#8243; header_2_font_size=\u00bb20px\u00bb text_orientation=\u00bbcenter\u00bb locked=\u00bboff\u00bb]<\/p>\n<h2><strong>Informe de muestra<\/strong><\/h2>\n<p>[\/et_pb_text][et_pb_image src=\u00bbhttps:\/\/smartfridgeeco.minibarsystems.com\/wp-content\/uploads\/2020\/10\/Onboarding.png\u00bb title_text=\u00bbInducci\u00f3n\u00bb align=\u00bbcenter\u00bb _builder_version=\u00bb4.4.8&#8243; custom_margin=\u00bb||0px||false|false\u00bb custom_padding=\u00bb||0px||false|false\u00bb hover_enabled=\u00bb0&#8243; border_color_all=\u00bb#e9f2dd\u00bb border_width_all=\u00bb2px\u00bb][\/et_pb_image][\/et_pb_column][\/et_pb_row][\/et_pb_section]<\/p>\n","protected":false},"excerpt":{"rendered":"<p>F\u00e1cil instalaci\u00f3n e incorporaci\u00f3nConfiguraci\u00f3n sencilla con un tel\u00e9fono inteligente o una tabletaIncorporaci\u00f3n ultrarr\u00e1pidaInforme de muestra<\/p>\n","protected":false},"author":1,"featured_media":0,"parent":0,"menu_order":0,"comment_status":"closed","ping_status":"closed","template":"","meta":{"_et_pb_use_builder":"on","_et_pb_old_content":"","_et_gb_content_width":"","footnotes":""},"class_list":["post-1998","page","type-page","status-publish","hentry"],"_links":{"self":[{"href":"https:\/\/smartfridgeeco.minibarsystems.com\/es\/wp-json\/wp\/v2\/pages\/1998","targetHints":{"allow":["GET"]}}],"collection":[{"href":"https:\/\/smartfridgeeco.minibarsystems.com\/es\/wp-json\/wp\/v2\/pages"}],"about":[{"href":"https:\/\/smartfridgeeco.minibarsystems.com\/es\/wp-json\/wp\/v2\/types\/page"}],"author":[{"embeddable":true,"href":"https:\/\/smartfridgeeco.minibarsystems.com\/es\/wp-json\/wp\/v2\/users\/1"}],"replies":[{"embeddable":true,"href":"https:\/\/smartfridgeeco.minibarsystems.com\/es\/wp-json\/wp\/v2\/comments?post=1998"}],"version-history":[{"count":5,"href":"https:\/\/smartfridgeeco.minibarsystems.com\/es\/wp-json\/wp\/v2\/pages\/1998\/revisions"}],"predecessor-version":[{"id":2094,"href":"https:\/\/smartfridgeeco.minibarsystems.com\/es\/wp-json\/wp\/v2\/pages\/1998\/revisions\/2094"}],"wp:attachment":[{"href":"https:\/\/smartfridgeeco.minibarsystems.com\/es\/wp-json\/wp\/v2\/media?parent=1998"}],"curies":[{"name":"wp","href":"https:\/\/api.w.org\/{rel}","templated":true}]}}