{"id":2245,"date":"2021-04-19T20:15:06","date_gmt":"2021-04-19T20:15:06","guid":{"rendered":"https:\/\/smartfridgeeco.minibarsystems.com\/contacto\/"},"modified":"2021-04-19T20:15:19","modified_gmt":"2021-04-19T20:15:19","slug":"contacto","status":"publish","type":"page","link":"https:\/\/smartfridgeeco.minibarsystems.com\/es\/contacto\/","title":{"rendered":"Contacto"},"content":{"rendered":"<p>[et_pb_section fb_built=\u00bb1&#8243; custom_padding_last_edited=\u00bbon|tablet\u00bb _builder_version=\u00bb4.4.8&#8243; use_background_color_gradient=\u00bbon\u00bb background_color_gradient_start=\u00bbrgba(242,242,242,0.61)\u00bb background_color_gradient_end=\u00bbrgba(242,242,242,0.61)\u00bb background_color_gradient_overlays_image=\u00bbon\u00bb background_image=\u00bbhttps:\/\/smartfridgeeco.minibarsystems.com\/wp-content\/uploads\/2020\/06\/hotel-background-2.jpg\u00bb custom_padding=\u00bb120px||120px|||\u00bb custom_padding_tablet=\u00bb50px||125px||false|false\u00bb custom_padding_phone=\u00bb50px||100px||false|false\u00bb][et_pb_row use_custom_gutter=\u00bbon\u00bb gutter_width=\u00bb1&#8243; _builder_version=\u00bb4.4.7&#8243; width_tablet=\u00bb\u00bb width_phone=\u00bb98%\u00bb width_last_edited=\u00bbon|phone\u00bb max_width_tablet=\u00bb\u00bb max_width_phone=\u00bb\u00bb max_width_last_edited=\u00bbon|phone\u00bb][et_pb_column type=\u00bb4_4&#8243; _builder_version=\u00bb4.4.7&#8243;][et_pb_image src=\u00bbhttps:\/\/smartfridgeeco.minibarsystems.com\/wp-content\/uploads\/2020\/06\/Minibar-Systems-logo_gr.png\u00bb title_text=\u00bbMinibar-Sistemas-logo_gr\u00bb align=\u00bbcenter\u00bb _builder_version=\u00bb4.4.8&#8243; max_width=\u00bb375px\u00bb custom_padding=\u00bb||0px||false|false\u00bb hover_enabled=\u00bb0&#8243; url=\u00bbminibarsystems.com\u00bb url_new_window=\u00bbon\u00bb][\/et_pb_image][et_pb_text _builder_version=\u00bb4.4.8&#8243; text_text_color=\u00bb#00652e\u00bb header_font=\u00bb|600|||||||\u00bb header_text_align=\u00bbcenter\u00bb header_text_color=\u00bb#00652e\u00bb header_font_size=\u00bb26px\u00bb header_2_font=\u00bb|600|||||||\u00bb header_2_text_align=\u00bbcenter\u00bb header_2_text_color=\u00bb#00652e\u00bb header_2_font_size=\u00bb22px\u00bb custom_padding_tablet=\u00bb|0px||0px|false|false\u00bb custom_padding_phone=\u00bb|0px||0px|false|false\u00bb custom_padding_last_edited=\u00bbon|tablet\u00bb hover_enabled=\u00bb0&#8243; header_2_font_size_tablet=\u00bb\u00bb header_2_font_size_phone=\u00bb18px\u00bb header_2_font_size_last_edited=\u00bbon|phone\u00bb header_text_shadow_style=\u00bbpreset1&#8243; header_text_shadow_color=\u00bb#ffffff\u00bb header_2_text_shadow_style=\u00bbpreset1&#8243; header_2_text_shadow_color=\u00bb#ffffff\u00bb header_line_height__hover_enabled=\u00bbon|desktop\u00bb text_font_size=\u00bb24px\u00bb text_orientation=\u00bbcenter\u00bb text_font=\u00bb|600|||||||\u00bb link_option_url=\u00bbminibarsystems.com\u00bb link_option_url_new_window=\u00bbon\u00bb]MinibarSystems.com[\/et_pb_text][et_pb_image src=\u00bbhttps:\/\/smartfridgeeco.minibarsystems.com\/wp-content\/uploads\/2020\/06\/SmartFridge_Eco_Logo_Black_Green_Leaf_TM.png\u00bb title_text=\u00bbSmartFridge_Eco_Logo_Black_Green_Leaf_TM\u00bb align=\u00bbcenter\u00bb _builder_version=\u00bb4.4.8&#8243; max_width=\u00bb325px\u00bb custom_padding=\u00bb20px||20px||false|false\u00bb hover_enabled=\u00bb0&#8243;][\/et_pb_image][et_pb_text _builder_version=\u00bb4.4.8&#8243; text_text_color=\u00bb#acacac\u00bb header_font=\u00bb|600|||||||\u00bb header_text_align=\u00bbcenter\u00bb header_text_color=\u00bb#00652e\u00bb header_font_size=\u00bb26px\u00bb header_2_font=\u00bb|600|||||||\u00bb header_2_text_align=\u00bbcenter\u00bb header_2_text_color=\u00bb#00652e\u00bb header_2_font_size=\u00bb22px\u00bb custom_padding_tablet=\u00bb|0px||0px|false|false\u00bb custom_padding_phone=\u00bb|0px||0px|false|false\u00bb custom_padding_last_edited=\u00bbon|tablet\u00bb header_2_font_size_tablet=\u00bb\u00bb header_2_font_size_phone=\u00bb18px\u00bb header_2_font_size_last_edited=\u00bbon|phone\u00bb header_text_shadow_style=\u00bbpreset1&#8243; header_text_shadow_color=\u00bb#ffffff\u00bb header_2_text_shadow_style=\u00bbpreset1&#8243; header_2_text_shadow_color=\u00bb#ffffff\u00bb header_line_height__hover_enabled=\u00bbon|desktop\u00bb]<\/p>\n<h1>Para obtener m\u00e1s informaci\u00f3n, cont\u00e1ctenos en<\/h1>\n<h2><a href=\"mailto:SmartHands@MinibarSystems.com\" target=\"_blank\" rel=\"noopener noreferrer\">SmartFridgeECO@MinibarSystems.com<\/a><\/h2>\n<h2>301-354-5055<\/h2>\n<p>[\/et_pb_text][\/et_pb_column][\/et_pb_row][\/et_pb_section]<\/p>\n","protected":false},"excerpt":{"rendered":"<p>MinibarSystems.comPara obtener m\u00e1s informaci\u00f3n, cont\u00e1ctenos en SmartFridgeECO@MinibarSystems.com 301-354-5055<\/p>\n","protected":false},"author":1,"featured_media":0,"parent":0,"menu_order":0,"comment_status":"closed","ping_status":"closed","template":"","meta":{"_et_pb_use_builder":"on","_et_pb_old_content":"","_et_gb_content_width":"","footnotes":""},"class_list":["post-2245","page","type-page","status-publish","hentry"],"_links":{"self":[{"href":"https:\/\/smartfridgeeco.minibarsystems.com\/es\/wp-json\/wp\/v2\/pages\/2245","targetHints":{"allow":["GET"]}}],"collection":[{"href":"https:\/\/smartfridgeeco.minibarsystems.com\/es\/wp-json\/wp\/v2\/pages"}],"about":[{"href":"https:\/\/smartfridgeeco.minibarsystems.com\/es\/wp-json\/wp\/v2\/types\/page"}],"author":[{"embeddable":true,"href":"https:\/\/smartfridgeeco.minibarsystems.com\/es\/wp-json\/wp\/v2\/users\/1"}],"replies":[{"embeddable":true,"href":"https:\/\/smartfridgeeco.minibarsystems.com\/es\/wp-json\/wp\/v2\/comments?post=2245"}],"version-history":[{"count":1,"href":"https:\/\/smartfridgeeco.minibarsystems.com\/es\/wp-json\/wp\/v2\/pages\/2245\/revisions"}],"predecessor-version":[{"id":2253,"href":"https:\/\/smartfridgeeco.minibarsystems.com\/es\/wp-json\/wp\/v2\/pages\/2245\/revisions\/2253"}],"wp:attachment":[{"href":"https:\/\/smartfridgeeco.minibarsystems.com\/es\/wp-json\/wp\/v2\/media?parent=2245"}],"curies":[{"name":"wp","href":"https:\/\/api.w.org\/{rel}","templated":true}]}}