{"id":1997,"date":"2021-04-19T20:11:17","date_gmt":"2021-04-19T20:11:17","guid":{"rendered":"https:\/\/smartfridgeeco.minibarsystems.com\/integration\/"},"modified":"2021-04-19T20:14:41","modified_gmt":"2021-04-19T20:14:41","slug":"integration","status":"publish","type":"page","link":"https:\/\/smartfridgeeco.minibarsystems.com\/fr\/integration\/","title":{"rendered":"Int\u00e9gration"},"content":{"rendered":"<p>[et_pb_section fb_built=\u00a0\u00bb1&Prime; _builder_version=\u00a0\u00bb4.4.8&Prime; background_color=\u00a0\u00bb#00652e\u00a0\u00bb background_image=\u00a0\u00bbhttps:\/\/smartfridgeeco.minibarsystems.com\/wp-content\/uploads\/2020\/07\/background-leaves-gr3.jpg\u00a0\u00bb parallax=\u00a0\u00bbon\u00a0\u00bb parallax_method=\u00a0\u00bboff\u00a0\u00bb custom_padding=\u00a0\u00bb50px||0px||false|false\u00a0\u00bb box_shadow_style=\u00a0\u00bbpreset3&Prime;][et_pb_row _builder_version=\u00a0\u00bb4.4.8&Prime; custom_padding=\u00a0\u00bb27px|||||\u00a0\u00bb][et_pb_column type=\u00a0\u00bb4_4&Prime; _builder_version=\u00a0\u00bb4.4.8&Prime;][et_pb_text _builder_version=\u00a0\u00bb4.4.8&Prime; header_font=\u00a0\u00bb|600|||||||\u00a0\u00bb header_text_align=\u00a0\u00bbcenter\u00a0\u00bb header_text_color=\u00a0\u00bb#ffffff\u00a0\u00bb header_font_size=\u00a0\u00bb45px\u00a0\u00bb header_2_text_align=\u00a0\u00bbcenter\u00a0\u00bb header_2_text_color=\u00a0\u00bb#ffffff\u00a0\u00bb custom_margin=\u00a0\u00bb1px||19px||false|false\u00a0\u00bb custom_padding=\u00a0\u00bb0px|||||\u00a0\u00bb header_font_size_tablet=\u00a0\u00bb40px\u00a0\u00bb header_font_size_phone=\u00a0\u00bb35px\u00a0\u00bb header_font_size_last_edited=\u00a0\u00bbon|phone\u00a0\u00bb header_2_font_size_tablet=\u00a0\u00bb32px\u00a0\u00bb header_2_font_size_phone=\u00a0\u00bb30px\u00a0\u00bb header_2_font_size_last_edited=\u00a0\u00bbon|tablet\u00a0\u00bb]<\/p>\n<h1>Configuration et int\u00e9gration faciles<\/h1>\n<p>[\/et_pb_text][\/et_pb_column][\/et_pb_row][\/et_pb_section][et_pb_section fb_built=\u00a0\u00bb1&Prime; _builder_version=\u00a0\u00bb4.4.8&Prime; background_image=\u00a0\u00bbhttps:\/\/smartfridgeeco.minibarsystems.com\/wp-content\/uploads\/2020\/06\/leaf-pattern-background2.jpg\u00a0\u00bb custom_css_main_element=\u00a0\u00bbbackground-repeat: no-repeat;||background-attachment: fixed;||background-position: center right;||background-size: cover;\u00a0\u00bb][et_pb_row column_structure=\u00a0\u00bb1_2,1_2&Prime; make_equal=\u00a0\u00bbon\u00a0\u00bb _builder_version=\u00a0\u00bb4.4.8&Prime;][et_pb_column type=\u00a0\u00bb1_2&Prime; _builder_version=\u00a0\u00bb4.4.8&Prime; background_color=\u00a0\u00bb#ffffff\u00a0\u00bb custom_padding=\u00a0\u00bb20px|20px|0px|20px|false|false\u00a0\u00bb border_radii=\u00a0\u00bbon|10px|10px|10px|10px\u00a0\u00bb border_color_all=\u00a0\u00bb#ffffff\u00a0\u00bb box_shadow_style=\u00a0\u00bbpreset3&Prime;][et_pb_text _builder_version=\u00a0\u00bb4.4.8&Prime; header_2_font_size=\u00a0\u00bb20px\u00a0\u00bb text_orientation=\u00a0\u00bbcenter\u00a0\u00bb]<\/p>\n<h2><strong>Configuration facile \u00e0 l&rsquo;aide d&rsquo;un smartphone ou d&rsquo;une tablette<\/strong><\/h2>\n<p>[\/et_pb_text][et_pb_image src=\u00a0\u00bbhttps:\/\/smartfridgeeco.minibarsystems.com\/wp-content\/uploads\/2020\/06\/ScreenMobile-SmartFridge-Eco-Onboard-Report.png\u00a0\u00bb title_text=\u00a0\u00bbScreenMobile-SmartFridge-Eco-Onboard-Report\u00a0\u00bb show_bottom_space=\u00a0\u00bboff\u00a0\u00bb align=\u00a0\u00bbcenter\u00a0\u00bb _builder_version=\u00a0\u00bb4.4.8&Prime; max_width=\u00a0\u00bb400px\u00a0\u00bb custom_margin=\u00a0\u00bb-10px||||false|false\u00a0\u00bb][\/et_pb_image][\/et_pb_column][et_pb_column type=\u00a0\u00bb1_2&Prime; _builder_version=\u00a0\u00bb4.4.8&Prime; background_color=\u00a0\u00bb#ffffff\u00a0\u00bb custom_padding=\u00a0\u00bb20px|20px|0px|20px|false|false\u00a0\u00bb border_radii=\u00a0\u00bbon|10px|10px|10px|10px\u00a0\u00bb border_color_all=\u00a0\u00bb#ffffff\u00a0\u00bb box_shadow_style=\u00a0\u00bbpreset3&Prime;][et_pb_text _builder_version=\u00a0\u00bb4.4.8&Prime; header_2_font_size=\u00a0\u00bb20px\u00a0\u00bb text_orientation=\u00a0\u00bbcenter\u00a0\u00bb]<\/p>\n<h2><strong>Int\u00e9gration ultra-rapide<\/strong><\/h2>\n<p>[\/et_pb_text][et_pb_image src=\u00a0\u00bbhttps:\/\/smartfridgeeco.minibarsystems.com\/wp-content\/uploads\/2020\/06\/ScreenTablet-SmartFridge-Eco-Onboard-Report.png\u00a0\u00bb title_text=\u00a0\u00bbScreenTablet-SmartFridge-Eco-Onboard-Report\u00a0\u00bb show_bottom_space=\u00a0\u00bboff\u00a0\u00bb align=\u00a0\u00bbcenter\u00a0\u00bb _builder_version=\u00a0\u00bb4.4.8&Prime; max_width=\u00a0\u00bb400px\u00a0\u00bb custom_margin=\u00a0\u00bb||0px||false|false\u00a0\u00bb custom_padding=\u00a0\u00bb||0px||false|false\u00a0\u00bb][\/et_pb_image][\/et_pb_column][\/et_pb_row][\/et_pb_section][et_pb_section fb_built=\u00a0\u00bb1&Prime; _builder_version=\u00a0\u00bb4.4.8&Prime; background_image=\u00a0\u00bbhttps:\/\/smartfridgeeco.minibarsystems.com\/wp-content\/uploads\/2020\/06\/leaf-pattern-background2.jpg\u00a0\u00bb custom_css_main_element=\u00a0\u00bbbackground-repeat: no-repeat;||background-attachment: fixed;||background-position: center right;||background-size: cover;\u00a0\u00bb][et_pb_row make_equal=\u00a0\u00bbon\u00a0\u00bb _builder_version=\u00a0\u00bb4.4.8&Prime;][et_pb_column type=\u00a0\u00bb4_4&Prime; _builder_version=\u00a0\u00bb4.4.8&Prime; background_color=\u00a0\u00bb#ffffff\u00a0\u00bb custom_padding=\u00a0\u00bb20px|20px|20px|20px|false|false\u00a0\u00bb border_radii=\u00a0\u00bbon|10px|10px|10px|10px\u00a0\u00bb border_color_all=\u00a0\u00bb#ffffff\u00a0\u00bb box_shadow_style=\u00a0\u00bbpreset3&Prime;][et_pb_text _builder_version=\u00a0\u00bb4.4.8&Prime; header_2_font_size=\u00a0\u00bb20px\u00a0\u00bb text_orientation=\u00a0\u00bbcenter\u00a0\u00bb locked=\u00a0\u00bboff\u00a0\u00bb]<\/p>\n<h2><strong>Exemple de rapport<\/strong><\/h2>\n<p>[\/et_pb_text][et_pb_image src=\u00a0\u00bbhttps:\/\/smartfridgeeco.minibarsystems.com\/wp-content\/uploads\/2020\/10\/Onboarding.png\u00a0\u00bb title_text=\u00a0\u00bbInt\u00e9gration\u00a0\u00bb align=\u00a0\u00bbcenter\u00a0\u00bb _builder_version=\u00a0\u00bb4.4.8&Prime; custom_margin=\u00a0\u00bb||0px||false|false\u00a0\u00bb custom_padding=\u00a0\u00bb||0px||false|false\u00a0\u00bb hover_enabled=\u00a0\u00bb0&Prime; border_color_all=\u00a0\u00bb#e9f2dd\u00a0\u00bb border_width_all=\u00a0\u00bb2px\u00a0\u00bb][\/et_pb_image][\/et_pb_column][\/et_pb_row][\/et_pb_section]<\/p>\n","protected":false},"excerpt":{"rendered":"<p>Configuration et int\u00e9gration facilesConfiguration facile \u00e0 l&rsquo;aide d&rsquo;un smartphone ou d&rsquo;une tabletteInt\u00e9gration ultra-rapideExemple de rapport<\/p>\n","protected":false},"author":1,"featured_media":0,"parent":0,"menu_order":0,"comment_status":"closed","ping_status":"closed","template":"","meta":{"_et_pb_use_builder":"on","_et_pb_old_content":"","_et_gb_content_width":"","footnotes":""},"class_list":["post-1997","page","type-page","status-publish","hentry"],"_links":{"self":[{"href":"https:\/\/smartfridgeeco.minibarsystems.com\/fr\/wp-json\/wp\/v2\/pages\/1997","targetHints":{"allow":["GET"]}}],"collection":[{"href":"https:\/\/smartfridgeeco.minibarsystems.com\/fr\/wp-json\/wp\/v2\/pages"}],"about":[{"href":"https:\/\/smartfridgeeco.minibarsystems.com\/fr\/wp-json\/wp\/v2\/types\/page"}],"author":[{"embeddable":true,"href":"https:\/\/smartfridgeeco.minibarsystems.com\/fr\/wp-json\/wp\/v2\/users\/1"}],"replies":[{"embeddable":true,"href":"https:\/\/smartfridgeeco.minibarsystems.com\/fr\/wp-json\/wp\/v2\/comments?post=1997"}],"version-history":[{"count":11,"href":"https:\/\/smartfridgeeco.minibarsystems.com\/fr\/wp-json\/wp\/v2\/pages\/1997\/revisions"}],"predecessor-version":[{"id":2205,"href":"https:\/\/smartfridgeeco.minibarsystems.com\/fr\/wp-json\/wp\/v2\/pages\/1997\/revisions\/2205"}],"wp:attachment":[{"href":"https:\/\/smartfridgeeco.minibarsystems.com\/fr\/wp-json\/wp\/v2\/media?parent=1997"}],"curies":[{"name":"wp","href":"https:\/\/api.w.org\/{rel}","templated":true}]}}